{"id":220,"date":"2018-09-16T13:01:04","date_gmt":"2018-09-16T13:01:04","guid":{"rendered":"https:\/\/innova-tools.com\/IT\/?page_id=220"},"modified":"2019-01-24T20:25:11","modified_gmt":"2019-01-24T20:25:11","slug":"edutech","status":"publish","type":"page","link":"https:\/\/innova-tools.com\/IT\/edutech\/","title":{"rendered":"L\u00cdNEA DE EQUIPOS"},"content":{"rendered":"<p>[et_pb_section fb_built=\u00bb1&#8243; fullwidth=\u00bbon\u00bb _builder_version=\u00bb3.12.2&#8243; custom_padding=\u00bb0px|0px|0|0px|false|false\u00bb][et_pb_fullwidth_image src=\u00bbhttps:\/\/innova-tools.com\/IT\/wp-content\/uploads\/2018\/08\/TDS_Venta_Titulo.png\u00bb _builder_version=\u00bb3.12.2&#8243;][\/et_pb_fullwidth_image][et_pb_fullwidth_slider show_pagination=\u00bboff\u00bb _builder_version=\u00bb3.12.2&#8243; background_image=\u00bbhttps:\/\/innova-tools.com\/IT\/wp-content\/uploads\/2018\/08\/banner_001.png\u00bb auto=\u00bbon\u00bb][et_pb_slide _builder_version=\u00bb3.12.2&#8243; background_image=\u00bbhttps:\/\/innova-tools.com\/IT\/wp-content\/uploads\/2018\/09\/BANNER000_INNOVATOOLS.jpg\u00bb][\/et_pb_slide][et_pb_slide _builder_version=\u00bb3.12.2&#8243; background_image=\u00bbhttps:\/\/innova-tools.com\/IT\/wp-content\/uploads\/2018\/09\/BANNER001_CURSOS.jpg\u00bb][\/et_pb_slide][et_pb_slide _builder_version=\u00bb3.12.2&#8243; background_image=\u00bbhttps:\/\/innova-tools.com\/IT\/wp-content\/uploads\/2018\/08\/banner_002.jpg\u00bb][\/et_pb_slide][et_pb_slide _builder_version=\u00bb3.12.2&#8243; background_image=\u00bbhttps:\/\/innova-tools.com\/IT\/wp-content\/uploads\/2018\/09\/BANNER002_DOMINIOS.jpg\u00bb][\/et_pb_slide][et_pb_slide _builder_version=\u00bb3.12.2&#8243; background_image=\u00bbhttps:\/\/innova-tools.com\/IT\/wp-content\/uploads\/2018\/09\/BANNER005_PAGINAS_WEB.jpg\u00bb][\/et_pb_slide][et_pb_slide _builder_version=\u00bb3.12.2&#8243; background_image=\u00bbhttps:\/\/innova-tools.com\/IT\/wp-content\/uploads\/2018\/08\/banner_005.jpg\u00bb][\/et_pb_slide][et_pb_slide _builder_version=\u00bb3.12.2&#8243; background_image=\u00bbhttps:\/\/innova-tools.com\/IT\/wp-content\/uploads\/2018\/09\/BANNER006_SISTEMAS.jpg\u00bb][\/et_pb_slide][et_pb_slide _builder_version=\u00bb3.12.2&#8243; background_image=\u00bbhttps:\/\/innova-tools.com\/IT\/wp-content\/uploads\/2018\/09\/BANNER007_EVENTOS.jpg\u00bb][\/et_pb_slide][et_pb_slide _builder_version=\u00bb3.12.2&#8243; background_image=\u00bbhttps:\/\/innova-tools.com\/IT\/wp-content\/uploads\/2018\/09\/BANNER008_BGC.jpg\u00bb][\/et_pb_slide][et_pb_slide _builder_version=\u00bb3.12.2&#8243; background_image=\u00bbhttps:\/\/innova-tools.com\/IT\/wp-content\/uploads\/2018\/09\/BANNER009_REDES.jpg\u00bb][\/et_pb_slide][\/et_pb_fullwidth_slider][\/et_pb_section][et_pb_section fb_built=\u00bb1&#8243; fullwidth=\u00bbon\u00bb _builder_version=\u00bb3.12.2&#8243; custom_padding=\u00bb0px|0px|0|0px|false|false\u00bb][et_pb_fullwidth_image src=\u00bbhttps:\/\/innova-tools.com\/IT\/wp-content\/uploads\/2018\/09\/Barra_sup_med.png\u00bb _builder_version=\u00bb3.12.2&#8243;][\/et_pb_fullwidth_image][\/et_pb_section][et_pb_section fb_built=\u00bb1&#8243; _builder_version=\u00bb3.12.2&#8243; box_shadow_style=\u00bbpreset6&#8243; box_shadow_color=\u00bb#000000&#8243; custom_padding=\u00bb0|0px|0|0px|false|false\u00bb top_divider_color=\u00bb#000000&#8243; top_divider_flip=\u00bbvertical|horizontal\u00bb top_divider_arrangement=\u00bbabove_content\u00bb bottom_divider_arrangement=\u00bbabove_content\u00bb][et_pb_row make_fullwidth=\u00bbon\u00bb use_custom_gutter=\u00bbon\u00bb gutter_width=\u00bb1&#8243; custom_padding=\u00bb22px|0px|0|0px|false|false\u00bb make_equal=\u00bbon\u00bb _builder_version=\u00bb3.12.2&#8243;][et_pb_column type=\u00bb1_2&#8243; _builder_version=\u00bb3.12.2&#8243; parallax=\u00bboff\u00bb parallax_method=\u00bbon\u00bb][et_pb_image src=\u00bbhttps:\/\/innova-tools.com\/IT\/wp-content\/uploads\/2018\/09\/img_EDUTECH.jpg\u00bb force_fullwidth=\u00bbon\u00bb _builder_version=\u00bb3.12.2&#8243; box_shadow_style=\u00bbpreset2&#8243; box_shadow_horizontal=\u00bb8px\u00bb box_shadow_vertical=\u00bb16px\u00bb box_shadow_blur=\u00bb15px\u00bb box_shadow_color=\u00bbrgba(0,0,0,0.34)\u00bb][\/et_pb_image][\/et_pb_column][et_pb_column type=\u00bb1_2&#8243; _builder_version=\u00bb3.12.2&#8243; parallax=\u00bboff\u00bb parallax_method=\u00bbon\u00bb][et_pb_text disabled_on=\u00bbon|on|off\u00bb _builder_version=\u00bb3.12.2&#8243; header_font=\u00bbVerdana|800||||on|||\u00bb header_text_align=\u00bbcenter\u00bb header_4_font=\u00bbABeeZee||||||||\u00bb header_4_text_align=\u00bbcenter\u00bb header_4_font_size=\u00bb17px\u00bb header_4_letter_spacing=\u00bb8px\u00bb header_4_line_height=\u00bb1.9em\u00bb header_4_text_shadow_style=\u00bbpreset2&#8243; background_color=\u00bb#ffffff\u00bb box_shadow_style=\u00bbpreset2&#8243; box_shadow_horizontal=\u00bb12px\u00bb box_shadow_vertical=\u00bb27px\u00bb custom_margin=\u00bb40px|||\u00bb custom_padding=\u00bb63px||100px|10px\u00bb]<\/p>\n<h2 class=\"et_pb_slide_title\"><\/h2>\n<h1 class=\"et_pb_slide_title\">L\u00ednea Educativa<\/h1>\n<h4>Ofrecemos una gama de soluciones en herramientas innovadoras para la educaci\u00f3n<\/h4>\n<p>[\/et_pb_text][et_pb_button button_url=\u00bb#\u00bb button_text=\u00bbM\u00e1s Informaci\u00f3n\u00bb button_alignment=\u00bbcenter\u00bb disabled_on=\u00bbon|on|off\u00bb _builder_version=\u00bb3.12.2&#8243; custom_margin=\u00bb-70px|||\u00bb locked=\u00bboff\u00bb][\/et_pb_button][\/et_pb_column][\/et_pb_row][et_pb_row make_fullwidth=\u00bbon\u00bb use_custom_gutter=\u00bbon\u00bb gutter_width=\u00bb1&#8243; custom_padding=\u00bb10px|0px|11px|0px|false|false\u00bb make_equal=\u00bbon\u00bb _builder_version=\u00bb3.12.2&#8243;][et_pb_column type=\u00bb1_2&#8243; _builder_version=\u00bb3.12.2&#8243; parallax=\u00bboff\u00bb parallax_method=\u00bbon\u00bb][et_pb_text disabled_on=\u00bbon|on|off\u00bb _builder_version=\u00bb3.12.2&#8243; header_font=\u00bbVerdana|800||||on|||\u00bb header_text_align=\u00bbcenter\u00bb header_4_font=\u00bbABeeZee||||||||\u00bb header_4_text_align=\u00bbcenter\u00bb header_4_font_size=\u00bb17px\u00bb header_4_letter_spacing=\u00bb8px\u00bb header_4_line_height=\u00bb1.9em\u00bb header_4_text_shadow_style=\u00bbpreset2&#8243; background_color=\u00bb#ffffff\u00bb custom_margin=\u00bb40px|||\u00bb custom_padding=\u00bb63px||100px|10px\u00bb]<\/p>\n<h2 class=\"et_pb_slide_title\"><\/h2>\n<h1 class=\"et_pb_slide_title\"><a href=\"#\"><span style=\"color: #000000;\">Aulas <\/span><span style=\"color: #000000;\">Virtuales<\/span><\/a><\/h1>\n<h4><a href=\"#\"><span style=\"color: #000000;\">Dise\u00f1o e implementaci\u00f3n de aulas virtuales para instituciones educativas<\/span><\/a><\/h4>\n<p>[\/et_pb_text][et_pb_button button_url=\u00bb#\u00bb button_text=\u00bbM\u00e1s Informaci\u00f3n\u00bb button_alignment=\u00bbcenter\u00bb disabled_on=\u00bbon|on|off\u00bb _builder_version=\u00bb3.12.2&#8243; custom_margin=\u00bb-70px|||\u00bb][\/et_pb_button][\/et_pb_column][et_pb_column type=\u00bb1_2&#8243; _builder_version=\u00bb3.12.2&#8243; parallax=\u00bboff\u00bb parallax_method=\u00bbon\u00bb][et_pb_image src=\u00bbhttps:\/\/innova-tools.com\/IT\/wp-content\/uploads\/2018\/09\/aulas.jpg\u00bb url=\u00bb#\u00bb force_fullwidth=\u00bbon\u00bb _builder_version=\u00bb3.12.2&#8243; box_shadow_style=\u00bbpreset2&#8243; box_shadow_horizontal=\u00bb8px\u00bb box_shadow_vertical=\u00bb16px\u00bb box_shadow_blur=\u00bb15px\u00bb box_shadow_color=\u00bbrgba(0,0,0,0.34)\u00bb][\/et_pb_image][\/et_pb_column][\/et_pb_row][et_pb_row make_fullwidth=\u00bbon\u00bb use_custom_gutter=\u00bbon\u00bb gutter_width=\u00bb1&#8243; custom_padding=\u00bb22px|0px|11px|0px|false|false\u00bb make_equal=\u00bbon\u00bb _builder_version=\u00bb3.12.2&#8243;][et_pb_column type=\u00bb1_2&#8243; _builder_version=\u00bb3.12.2&#8243; parallax=\u00bboff\u00bb parallax_method=\u00bbon\u00bb][et_pb_image src=\u00bbhttps:\/\/innova-tools.com\/IT\/wp-content\/uploads\/2018\/09\/cursoslive.jpg\u00bb force_fullwidth=\u00bbon\u00bb _builder_version=\u00bb3.12.2&#8243; box_shadow_style=\u00bbpreset2&#8243; box_shadow_horizontal=\u00bb8px\u00bb box_shadow_vertical=\u00bb16px\u00bb box_shadow_blur=\u00bb15px\u00bb box_shadow_color=\u00bbrgba(0,0,0,0.34)\u00bb][\/et_pb_image][\/et_pb_column][et_pb_column type=\u00bb1_2&#8243; _builder_version=\u00bb3.12.2&#8243; parallax=\u00bboff\u00bb parallax_method=\u00bbon\u00bb][et_pb_text disabled_on=\u00bbon|on|off\u00bb _builder_version=\u00bb3.12.2&#8243; header_font=\u00bbVerdana|800||||on|||\u00bb header_text_align=\u00bbcenter\u00bb header_4_font=\u00bbABeeZee||||||||\u00bb header_4_text_align=\u00bbcenter\u00bb header_4_font_size=\u00bb17px\u00bb header_4_letter_spacing=\u00bb8px\u00bb header_4_line_height=\u00bb1.9em\u00bb header_4_text_shadow_style=\u00bbpreset2&#8243; background_color=\u00bb#ffffff\u00bb custom_margin=\u00bb40px|||\u00bb custom_padding=\u00bb63px||100px|10px\u00bb]<\/p>\n<h2 class=\"et_pb_slide_title\"><\/h2>\n<h1 class=\"et_pb_slide_title\">L\u00ednea de Formaci\u00f3n y Capacitaci\u00f3n<\/h1>\n<h4>Tenemos una gran oferta de cualificaci\u00f3n, en herramientas y soluciones innovadoras para la educaci\u00f3n<\/h4>\n<p>[\/et_pb_text][et_pb_button button_url=\u00bb#\u00bb button_text=\u00bbM\u00e1s Informaci\u00f3n\u00bb button_alignment=\u00bbcenter\u00bb disabled_on=\u00bbon|on|off\u00bb _builder_version=\u00bb3.12.2&#8243; custom_margin=\u00bb-70px|||\u00bb locked=\u00bboff\u00bb][\/et_pb_button][\/et_pb_column][\/et_pb_row][et_pb_row make_fullwidth=\u00bbon\u00bb use_custom_gutter=\u00bbon\u00bb gutter_width=\u00bb1&#8243; custom_padding=\u00bb22px|0px|11px|0px|false|false\u00bb make_equal=\u00bbon\u00bb _builder_version=\u00bb3.12.2&#8243; locked=\u00bboff\u00bb][et_pb_column type=\u00bb1_2&#8243; _builder_version=\u00bb3.12.2&#8243; parallax=\u00bboff\u00bb parallax_method=\u00bbon\u00bb][et_pb_text disabled_on=\u00bbon|on|off\u00bb _builder_version=\u00bb3.12.2&#8243; header_font=\u00bbVerdana|800||||on|||\u00bb header_text_align=\u00bbcenter\u00bb header_4_font=\u00bbABeeZee||||||||\u00bb header_4_text_align=\u00bbcenter\u00bb header_4_font_size=\u00bb17px\u00bb header_4_letter_spacing=\u00bb8px\u00bb header_4_line_height=\u00bb1.9em\u00bb header_4_text_shadow_style=\u00bbpreset2&#8243; background_color=\u00bb#ffffff\u00bb custom_margin=\u00bb25px|||-100px\u00bb custom_padding=\u00bb63px||100px|100px\u00bb]<\/p>\n<h2 class=\"et_pb_slide_title\"><\/h2>\n<h1 class=\"et_pb_slide_title\"><span style=\"color: #000000;\">Hosting y Dominios<\/span><\/h1>\n<h4><a href=\"#\"><span style=\"color: #000000;\">Damos confiabilidad y calidad con el registro de sus dominios, la oferta de hosting a la medida y la creaci\u00f3n de portales WEB.<\/span><\/a><\/h4>\n<p>[\/et_pb_text][et_pb_button button_url=\u00bb#\u00bb button_text=\u00bbM\u00e1s Informaci\u00f3n\u00bb button_alignment=\u00bbcenter\u00bb disabled_on=\u00bbon|on|off\u00bb _builder_version=\u00bb3.12.2&#8243; custom_margin=\u00bb-70px|||\u00bb][\/et_pb_button][\/et_pb_column][et_pb_column type=\u00bb1_2&#8243; _builder_version=\u00bb3.12.2&#8243; parallax=\u00bboff\u00bb parallax_method=\u00bbon\u00bb][et_pb_image src=\u00bbhttps:\/\/innova-tools.com\/IT\/wp-content\/uploads\/2018\/09\/img_hosting-1.jpg\u00bb url=\u00bb#\u00bb force_fullwidth=\u00bbon\u00bb _builder_version=\u00bb3.12.2&#8243; box_shadow_style=\u00bbpreset2&#8243; box_shadow_horizontal=\u00bb8px\u00bb box_shadow_vertical=\u00bb16px\u00bb box_shadow_blur=\u00bb15px\u00bb box_shadow_color=\u00bbrgba(0,0,0,0.34)\u00bb custom_margin=\u00bb12px|||\u00bb][\/et_pb_image][\/et_pb_column][\/et_pb_row][et_pb_row make_fullwidth=\u00bbon\u00bb use_custom_gutter=\u00bbon\u00bb gutter_width=\u00bb1&#8243; custom_padding=\u00bb22px|0px|11px|0px|false|false\u00bb make_equal=\u00bbon\u00bb _builder_version=\u00bb3.12.2&#8243;][et_pb_column type=\u00bb1_2&#8243; _builder_version=\u00bb3.12.2&#8243; parallax=\u00bboff\u00bb parallax_method=\u00bbon\u00bb][et_pb_image src=\u00bbhttps:\/\/innova-tools.com\/IT\/wp-content\/uploads\/2018\/09\/PDM_ppal.png\u00bb force_fullwidth=\u00bbon\u00bb _builder_version=\u00bb3.12.2&#8243;][\/et_pb_image][\/et_pb_column][et_pb_column type=\u00bb1_2&#8243; _builder_version=\u00bb3.12.2&#8243; parallax=\u00bboff\u00bb parallax_method=\u00bbon\u00bb][et_pb_text disabled_on=\u00bbon|on|off\u00bb _builder_version=\u00bb3.12.2&#8243; header_font=\u00bbVerdana|800||||on|||\u00bb header_text_align=\u00bbcenter\u00bb header_4_font=\u00bbABeeZee||||||||\u00bb header_4_text_align=\u00bbcenter\u00bb header_4_font_size=\u00bb17px\u00bb header_4_letter_spacing=\u00bb8px\u00bb header_4_line_height=\u00bb1.9em\u00bb header_4_text_shadow_style=\u00bbpreset2&#8243; background_color=\u00bb#ffffff\u00bb custom_margin=\u00bb40px|||\u00bb custom_padding=\u00bb63px||100px|10px\u00bb locked=\u00bboff\u00bb]<\/p>\n<h2 class=\"et_pb_slide_title\"><\/h2>\n<h1 class=\"et_pb_slide_title\">Publicidad, Dise\u00f1o y Mercadeo<\/h1>\n<h4>Amplia gama de soluciones para el marketing, recordaci\u00f3n y mantenimiento de su marca<\/h4>\n<p>[\/et_pb_text][et_pb_button button_url=\u00bb#\u00bb button_text=\u00bbM\u00e1s Informaci\u00f3n\u00bb button_alignment=\u00bbcenter\u00bb disabled_on=\u00bbon|on|off\u00bb _builder_version=\u00bb3.12.2&#8243; custom_margin=\u00bb-70px|||\u00bb locked=\u00bboff\u00bb][\/et_pb_button][\/et_pb_column][\/et_pb_row][\/et_pb_section][et_pb_section fb_built=\u00bb1&#8243; prev_background_color=\u00bb#ffffff\u00bb _builder_version=\u00bb3.12.2&#8243; background_image=\u00bbhttps:\/\/innova-tools.com\/IT\/wp-content\/uploads\/2018\/09\/bg-contacto.png\u00bb custom_padding=\u00bb63px|0px|0|0px|false|false\u00bb top_divider_style=\u00bbgraph4&#8243;][et_pb_row make_fullwidth=\u00bbon\u00bb custom_padding=\u00bb44px|0|0|0|false|false\u00bb _builder_version=\u00bb3.12.2&#8243;][et_pb_column type=\u00bb1_4&#8243; _builder_version=\u00bb3.12.2&#8243; parallax=\u00bboff\u00bb parallax_method=\u00bbon\u00bb][et_pb_blurb title=\u00bb+ (57) 316 255 23 89&#8243; use_icon=\u00bbon\u00bb font_icon=\u00bb%%264%%\u00bb icon_color=\u00bb#ffffff\u00bb use_icon_font_size=\u00bbon\u00bb icon_font_size=\u00bb58px\u00bb _builder_version=\u00bb3.12.2&#8243; header_font=\u00bbVerdana||||||||\u00bb header_text_align=\u00bbcenter\u00bb header_text_color=\u00bb#000000&#8243; header_font_size=\u00bb16px\u00bb header_text_shadow_style=\u00bbpreset4&#8243; header_text_shadow_blur_strength=\u00bb0.7em\u00bb][\/et_pb_blurb][\/et_pb_column][et_pb_column type=\u00bb1_4&#8243; _builder_version=\u00bb3.12.2&#8243; parallax=\u00bboff\u00bb parallax_method=\u00bbon\u00bb][et_pb_blurb title=\u00bbamoreno@innova-tools.com\u00bb use_icon=\u00bbon\u00bb font_icon=\u00bb%%238%%\u00bb icon_color=\u00bb#ffffff\u00bb use_icon_font_size=\u00bbon\u00bb icon_font_size=\u00bb58px\u00bb _builder_version=\u00bb3.12.2&#8243; header_font=\u00bbVerdana||||||||\u00bb header_text_align=\u00bbcenter\u00bb header_text_color=\u00bb#000000&#8243; header_font_size=\u00bb16px\u00bb header_text_shadow_style=\u00bbpreset4&#8243; header_text_shadow_blur_strength=\u00bb0.7em\u00bb][\/et_pb_blurb][\/et_pb_column][et_pb_column type=\u00bb1_4&#8243; _builder_version=\u00bb3.12.2&#8243; parallax=\u00bboff\u00bb parallax_method=\u00bbon\u00bb][et_pb_blurb title=\u00bb+ (57) 300 618 47 30&#8243; use_icon=\u00bbon\u00bb font_icon=\u00bb%%221%%\u00bb icon_color=\u00bb#ffffff\u00bb use_icon_font_size=\u00bbon\u00bb icon_font_size=\u00bb58px\u00bb _builder_version=\u00bb3.12.2&#8243; header_font=\u00bbVerdana||||||||\u00bb header_text_align=\u00bbcenter\u00bb header_text_color=\u00bb#000000&#8243; header_font_size=\u00bb16px\u00bb header_text_shadow_style=\u00bbpreset4&#8243; header_text_shadow_blur_strength=\u00bb0.7em\u00bb locked=\u00bboff\u00bb][\/et_pb_blurb][\/et_pb_column][et_pb_column type=\u00bb1_4&#8243; _builder_version=\u00bb3.12.2&#8243; parallax=\u00bboff\u00bb parallax_method=\u00bbon\u00bb][et_pb_image src=\u00bbhttps:\/\/innova-tools.com\/IT\/wp-content\/uploads\/2018\/09\/logo.png\u00bb _builder_version=\u00bb3.12.2&#8243;][\/et_pb_image][\/et_pb_column][\/et_pb_row][\/et_pb_section][et_pb_section fb_built=\u00bb1&#8243; fullwidth=\u00bbon\u00bb _builder_version=\u00bb3.12.2&#8243; custom_padding=\u00bb0|0px|0|0px|false|false\u00bb][et_pb_fullwidth_slider _builder_version=\u00bb3.12.2&#8243; body_font=\u00bb||||||||\u00bb body_text_align=\u00bbcenter\u00bb body_font_size_phone=\u00bb11px\u00bb body_font_size_last_edited=\u00bbon|phone\u00bb custom_margin=\u00bb0px|||\u00bb][et_pb_slide _builder_version=\u00bb3.12.2&#8243; body_font=\u00bb||||||||\u00bb body_font_size_phone=\u00bb10px\u00bb body_font_size_last_edited=\u00bbon|phone\u00bb background_image=\u00bbhttps:\/\/innova-tools.com\/IT\/wp-content\/uploads\/2018\/09\/footer.png\u00bb]\u00bbNuestro objetivo, mas all\u00e1 de un buen servicio, es el compromiso continuo en la b\u00fasqueda constante de nuevas alternativas para el crecimiento de nuestros clientes\u00bb<\/p>\n<p>INNOVATOOLS S.A.S.<br \/>\n[\/et_pb_slide][\/et_pb_fullwidth_slider][\/et_pb_section][et_pb_section fb_built=\u00bb1&#8243; fullwidth=\u00bbon\u00bb _builder_version=\u00bb3.12.2&#8243;][\/et_pb_section]<\/p>\n","protected":false},"excerpt":{"rendered":"<p>L\u00ednea Educativa Ofrecemos una gama de soluciones en herramientas innovadoras para la educaci\u00f3n Aulas Virtuales Dise\u00f1o e implementaci\u00f3n de aulas virtuales para instituciones educativas L\u00ednea de Formaci\u00f3n y Capacitaci\u00f3n Tenemos una gran oferta de cualificaci\u00f3n, en herramientas y soluciones innovadoras para la educaci\u00f3n Hosting y Dominios Damos confiabilidad y calidad con el registro de sus [&hellip;]<\/p>\n","protected":false},"author":1,"featured_media":0,"parent":0,"menu_order":0,"comment_status":"closed","ping_status":"closed","template":"","meta":{"_et_pb_use_builder":"on","_et_pb_old_content":"","_et_gb_content_width":"","footnotes":""},"class_list":["post-220","page","type-page","status-publish","hentry"],"_links":{"self":[{"href":"https:\/\/innova-tools.com\/IT\/wp-json\/wp\/v2\/pages\/220","targetHints":{"allow":["GET"]}}],"collection":[{"href":"https:\/\/innova-tools.com\/IT\/wp-json\/wp\/v2\/pages"}],"about":[{"href":"https:\/\/innova-tools.com\/IT\/wp-json\/wp\/v2\/types\/page"}],"author":[{"embeddable":true,"href":"https:\/\/innova-tools.com\/IT\/wp-json\/wp\/v2\/users\/1"}],"replies":[{"embeddable":true,"href":"https:\/\/innova-tools.com\/IT\/wp-json\/wp\/v2\/comments?post=220"}],"version-history":[{"count":4,"href":"https:\/\/innova-tools.com\/IT\/wp-json\/wp\/v2\/pages\/220\/revisions"}],"predecessor-version":[{"id":473,"href":"https:\/\/innova-tools.com\/IT\/wp-json\/wp\/v2\/pages\/220\/revisions\/473"}],"wp:attachment":[{"href":"https:\/\/innova-tools.com\/IT\/wp-json\/wp\/v2\/media?parent=220"}],"curies":[{"name":"wp","href":"https:\/\/api.w.org\/{rel}","templated":true}]}}