{"id":457,"date":"2019-01-24T19:47:58","date_gmt":"2019-01-24T19:47:58","guid":{"rendered":"https:\/\/innova-tools.com\/IT\/?page_id=457"},"modified":"2019-01-26T18:17:12","modified_gmt":"2019-01-26T18:17:12","slug":"contactanos","status":"publish","type":"page","link":"https:\/\/innova-tools.com\/IT\/contactanos\/","title":{"rendered":"Cont\u00e1ctanos"},"content":{"rendered":"<p>[et_pb_section fb_built=\u00bb1&#8243; admin_label=\u00bbAbout Hero\u00bb _builder_version=\u00bb3.12.2&#8243; use_background_color_gradient=\u00bbon\u00bb background_color_gradient_start=\u00bb#00efe7&#8243; background_color_gradient_end=\u00bb#000d59&#8243; background_image=\u00bbhttps:\/\/innova-tools.com\/IT\/wp-content\/uploads\/2019\/01\/banner_contacto.jpg\u00bb background_blend=\u00bbmultiply\u00bb custom_padding=\u00bb100px|0px|38px|0px|false|false\u00bb animation_style=\u00bbslide\u00bb animation_direction=\u00bbtop\u00bb animation_intensity_slide=\u00bb2%\u00bb locked=\u00bboff\u00bb background_color_gradient_direction=\u00bb210deg\u00bb background_color_gradient_start_position=\u00bb18%\u00bb background_color_gradient_end_position=\u00bb74%\u00bb background_video_width=\u00bb0&#8243; background_video_height=\u00bb0&#8243;][et_pb_row custom_width_px=\u00bb1280px\u00bb custom_margin=\u00bb|||\u00bb _builder_version=\u00bb3.0.82&#8243; background_size=\u00bbinitial\u00bb background_position=\u00bbtop_left\u00bb background_repeat=\u00bbrepeat\u00bb][et_pb_column type=\u00bb1_2&#8243; _builder_version=\u00bb3.0.47&#8243; parallax=\u00bboff\u00bb parallax_method=\u00bbon\u00bb][et_pb_text _builder_version=\u00bb3.12.2&#8243; header_font=\u00bb|700|||||||\u00bb header_font_size=\u00bb47px\u00bb header_font_size_last_edited=\u00bboff|desktop\u00bb header_line_height=\u00bb1.3em\u00bb background_size=\u00bbinitial\u00bb background_position=\u00bbtop_left\u00bb background_repeat=\u00bbrepeat\u00bb background_layout=\u00bbdark\u00bb custom_padding=\u00bb|||\u00bb locked=\u00bboff\u00bb text_font_size=\u00bb16px\u00bb text_font=\u00bb||||||||\u00bb]<\/p>\n<h1>\u00bfTienes alguna inquietud?<\/h1>\n<p>[\/et_pb_text][et_pb_text _builder_version=\u00bb3.12.2&#8243; text_font_size=\u00bb34px\u00bb background_size=\u00bbinitial\u00bb background_position=\u00bbtop_left\u00bb background_repeat=\u00bbrepeat\u00bb background_layout=\u00bbdark\u00bb locked=\u00bboff\u00bb text_line_height=\u00bb1.2em\u00bb text_font=\u00bbRoboto Condensed||||||||\u00bb]<\/p>\n<p>Cont\u00e1ctanos para darte m\u00e1s informaci\u00f3n de nuestros servicios y productos<\/p>\n<p>[\/et_pb_text][et_pb_divider color=\u00bb#ffffff\u00bb divider_weight=\u00bb5px\u00bb max_width=\u00bb11%\u00bb _builder_version=\u00bb3.12.2&#8243; module_alignment=\u00bbleft\u00bb][\/et_pb_divider][\/et_pb_column][et_pb_column type=\u00bb1_2&#8243; _builder_version=\u00bb3.0.47&#8243; parallax=\u00bboff\u00bb parallax_method=\u00bbon\u00bb][et_pb_circle_counter number=\u00bb100&#8243; bar_bg_color=\u00bb#0ff3ff\u00bb max_width=\u00bb208px\u00bb title=\u00bbDE NUESTRO COMPROMISO\u00bb _builder_version=\u00bb3.12.2&#8243; title_font=\u00bbRoboto Condensed||||||||\u00bb title_text_color=\u00bb#ffffff\u00bb title_font_size=\u00bb20px\u00bb number_font=\u00bb||||||||\u00bb number_text_color=\u00bb#ffffff\u00bb number_font_size=\u00bb56px\u00bb][\/et_pb_circle_counter][\/et_pb_column][\/et_pb_row][\/et_pb_section][et_pb_section fb_built=\u00bb1&#8243; admin_label=\u00bbFeatures Section\u00bb _builder_version=\u00bb3.12.2&#8243; custom_padding=\u00bb66px|0px|45px|0px|false|false\u00bb background_color_gradient_direction=\u00bb108deg\u00bb background_blend=\u00bbhard-light\u00bb][et_pb_row _builder_version=\u00bb3.12.2&#8243;][et_pb_column type=\u00bb1_3&#8243; _builder_version=\u00bb3.12.2&#8243; parallax=\u00bboff\u00bb parallax_method=\u00bbon\u00bb][et_pb_blurb use_icon=\u00bbon\u00bb title=\u00bbAqu\u00ed estamos ubicados\u00bb _builder_version=\u00bb3.12.2&#8243; font_icon=\u00bb%%122%%\u00bb header_font=\u00bbRoboto||||||||\u00bb header_text_align=\u00bbcenter\u00bb header_font_size=\u00bb27px\u00bb header_text_color=\u00bb#7f7f7f\u00bb body_font=\u00bbRoboto Condensed||||||||\u00bb body_font_size=\u00bb16px\u00bb body_text_align=\u00bbcenter\u00bb custom_padding=\u00bb50px|||\u00bb]<\/p>\n<p><span><\/span><\/p>\n<p><span>INNOVATOOLS SAS tambi\u00e9n tiene sede propia, por eso ac\u00e9rcate a nuestras instalaciones para tener m\u00e1s informaci\u00f3n de nuestros servicios.<\/span><\/p>\n<p>[\/et_pb_blurb][\/et_pb_column][et_pb_column type=\u00bb2_3&#8243; _builder_version=\u00bb3.12.2&#8243; parallax=\u00bboff\u00bb parallax_method=\u00bbon\u00bb][et_pb_map _builder_version=\u00bb3.12.2&#8243;][et_pb_map_pin _builder_version=\u00bb3.12.2&#8243; pin_address=\u00bbCra. 25 #2, Bogot\u00e1, Colombia\u00bb pin_address_lat=\u00bb4.6105181&#8243; pin_address_lng=\u00bb-74.0878994&#8243;][\/et_pb_map_pin][\/et_pb_map][\/et_pb_column][\/et_pb_row][\/et_pb_section][et_pb_section fb_built=\u00bb1&#8243; admin_label=\u00bbEducation is in Our Blood\u00bb _builder_version=\u00bb3.0.82&#8243; use_background_color_gradient=\u00bbon\u00bb background_color_gradient_start=\u00bb#1f1b5b\u00bb background_color_gradient_end=\u00bb#2b9ff2&#8243; background_image=\u00bbhttps:\/\/innova-tools.com\/IT\/wp-content\/uploads\/2018\/08\/coding-background-texture.jpg\u00bb background_blend=\u00bboverlay\u00bb custom_padding=\u00bb59px|0px|13px|0px|false|false\u00bb background_color_gradient_direction=\u00bb212deg\u00bb][et_pb_row padding_top_2=\u00bb60px\u00bb _builder_version=\u00bb3.0.82&#8243; animation_style=\u00bbzoom\u00bb animation_direction=\u00bbbottom\u00bb animation_intensity_zoom=\u00bb6%\u00bb][et_pb_column type=\u00bb1_2&#8243; _builder_version=\u00bb3.0.47&#8243; parallax=\u00bboff\u00bb parallax_method=\u00bbon\u00bb][et_pb_image src=\u00bbhttps:\/\/innova-tools.com\/IT\/wp-content\/uploads\/2018\/08\/coding-isometric-06.png\u00bb _builder_version=\u00bb3.12.2&#8243; max_width=\u00bb90%\u00bb module_alignment=\u00bbcenter\u00bb animation_style=\u00bbzoom\u00bb animation_direction=\u00bbright\u00bb animation_delay=\u00bb100ms\u00bb animation_intensity_zoom=\u00bb20%\u00bb][\/et_pb_image][\/et_pb_column][et_pb_column type=\u00bb1_2&#8243; _builder_version=\u00bb3.0.47&#8243; padding_top=\u00bb60px\u00bb parallax=\u00bboff\u00bb parallax_method=\u00bbon\u00bb][et_pb_text _builder_version=\u00bb3.12.2&#8243; header_font=\u00bb|on|||\u00bb header_font_size=\u00bb36px\u00bb header_line_height=\u00bb1.3em\u00bb background_layout=\u00bbdark\u00bb custom_margin=\u00bb||20px|\u00bb animation_style=\u00bbzoom\u00bb animation_direction=\u00bbleft\u00bb locked=\u00bboff\u00bb text_font=\u00bbRoboto||||||||\u00bb]<\/p>\n<h1>Cont\u00e1ctanos para darte m\u00e1s informaci\u00f3n<\/h1>\n<p>[\/et_pb_text][et_pb_divider color=\u00bb#e09900&#8243; divider_weight=\u00bb4px\u00bb disabled_on=\u00bbon|on|off\u00bb _builder_version=\u00bb3.12.2&#8243; background_size=\u00bbinitial\u00bb background_position=\u00bbtop_left\u00bb background_repeat=\u00bbrepeat\u00bb max_width=\u00bb40px\u00bb module_alignment=\u00bbleft\u00bb custom_margin=\u00bb||10px|\u00bb animation_style=\u00bbzoom\u00bb animation_direction=\u00bbleft\u00bb saved_tabs=\u00bball\u00bb locked=\u00bboff\u00bb][\/et_pb_divider][et_pb_text _builder_version=\u00bb3.12.2&#8243; text_text_color=\u00bb#ffffff\u00bb text_font_size=\u00bb20px\u00bb animation_style=\u00bbzoom\u00bb animation_direction=\u00bbleft\u00bb animation_intensity_zoom=\u00bb6%\u00bb locked=\u00bboff\u00bb text_font=\u00bbRoboto Condensed||||||||\u00bb]<\/p>\n<p>Estamos pendientes para brindar toda la informaci\u00f3n que necesites de nuestros servicios, solo comun\u00edcate con nosotros v\u00eda web o de manera presencial en nuestra sede.<\/p>\n<p>[\/et_pb_text][et_pb_button button_url=\u00bb#https:\/\/innova-tools.com\/IT\/servicios\/\u00bb button_text=\u00bbVER SERVICIOS\u00bb _builder_version=\u00bb3.12.2&#8243; custom_button=\u00bbon\u00bb button_text_size=\u00bb16px\u00bb button_text_color=\u00bb#000000&#8243; button_bg_color=\u00bb#ffc300&#8243; button_border_width=\u00bb10px\u00bb button_border_color=\u00bb#ffc300&#8243; button_border_radius=\u00bb100px\u00bb button_letter_spacing=\u00bb1px\u00bb button_font=\u00bb|700||on|||||\u00bb button_icon=\u00bb%%36%%\u00bb button_on_hover=\u00bboff\u00bb button_letter_spacing_hover=\u00bb2px\u00bb custom_margin=\u00bb20px|||\u00bb animation_style=\u00bbzoom\u00bb animation_delay=\u00bb100ms\u00bb animation_intensity_zoom=\u00bb10%\u00bb saved_tabs=\u00bball\u00bb locked=\u00bboff\u00bb][\/et_pb_button][\/et_pb_column][\/et_pb_row][\/et_pb_section][et_pb_section fb_built=\u00bb1&#8243; specialty=\u00bbon\u00bb padding_top_2=\u00bb60px\u00bb admin_label=\u00bbContact Information\u00bb _builder_version=\u00bb3.12.2&#8243; use_background_color_gradient=\u00bbon\u00bb background_color_gradient_start=\u00bb#e02b20&#8243; background_color_gradient_end=\u00bb#8300e9&#8243; background_image=\u00bbhttps:\/\/innova-tools.com\/IT\/wp-content\/uploads\/2018\/08\/coding-background-texture.jpg\u00bb background_blend=\u00bboverlay\u00bb][et_pb_column type=\u00bb1_2&#8243; specialty_columns=\u00bb2&#8243; _builder_version=\u00bb3.0.47&#8243; parallax=\u00bboff\u00bb parallax_method=\u00bbon\u00bb][et_pb_row_inner _builder_version=\u00bb3.12.2&#8243;][et_pb_column_inner type=\u00bb4_4&#8243; saved_specialty_column_type=\u00bb1_2&#8243; _builder_version=\u00bb3.0.47&#8243; parallax=\u00bboff\u00bb parallax_method=\u00bbon\u00bb][et_pb_text _builder_version=\u00bb3.12.2&#8243; header_font=\u00bb|on|||\u00bb header_font_size=\u00bb36px\u00bb header_line_height=\u00bb1.3em\u00bb background_layout=\u00bbdark\u00bb custom_margin=\u00bb||20px|\u00bb animation_style=\u00bbzoom\u00bb animation_direction=\u00bbleft\u00bb locked=\u00bboff\u00bb]<\/p>\n<h1>Comun\u00edcate con nosotros<\/h1>\n<p>[\/et_pb_text][et_pb_divider color=\u00bb#09e1c0&#8243; divider_weight=\u00bb4px\u00bb disabled_on=\u00bbon|on|off\u00bb _builder_version=\u00bb3.2&#8243; background_size=\u00bbinitial\u00bb background_position=\u00bbtop_left\u00bb background_repeat=\u00bbrepeat\u00bb max_width=\u00bb40px\u00bb module_alignment=\u00bbleft\u00bb custom_margin=\u00bb||10px|\u00bb animation_style=\u00bbzoom\u00bb animation_direction=\u00bbleft\u00bb saved_tabs=\u00bball\u00bb locked=\u00bboff\u00bb][\/et_pb_divider][\/et_pb_column_inner][\/et_pb_row_inner][et_pb_row_inner custom_padding=\u00bb0px|0px|29.6875px|0px\u00bb admin_label=\u00bbRow\u00bb _builder_version=\u00bb3.12.2&#8243;][et_pb_column_inner type=\u00bb1_2&#8243; saved_specialty_column_type=\u00bb1_2&#8243; _builder_version=\u00bb3.0.47&#8243; parallax=\u00bboff\u00bb parallax_method=\u00bbon\u00bb][et_pb_text _builder_version=\u00bb3.12.2&#8243; text_font=\u00bb|700||on|||||\u00bb text_text_color=\u00bb#ffffff\u00bb background_layout=\u00bbdark\u00bb text_font_size=\u00bb18px\u00bb]<\/p>\n<p>SEDE PRINCIPAL INNOVATOOLS SAS<\/p>\n<p>[\/et_pb_text][\/et_pb_column_inner][et_pb_column_inner type=\u00bb1_2&#8243; saved_specialty_column_type=\u00bb1_2&#8243; _builder_version=\u00bb3.0.47&#8243; parallax=\u00bboff\u00bb parallax_method=\u00bbon\u00bb][et_pb_text _builder_version=\u00bb3.12.2&#8243; text_font_size=\u00bb16px\u00bb background_layout=\u00bbdark\u00bb locked=\u00bboff\u00bb]<\/p>\n<p>Carrera 25 # 2A &#8211; 40<\/p>\n<p>Cali, Valle del Cauca<\/p>\n<p>[\/et_pb_text][\/et_pb_column_inner][\/et_pb_row_inner][et_pb_row_inner _builder_version=\u00bb3.0.82&#8243;][et_pb_column_inner type=\u00bb4_4&#8243; saved_specialty_column_type=\u00bb1_2&#8243; _builder_version=\u00bb3.0.47&#8243; parallax=\u00bboff\u00bb parallax_method=\u00bbon\u00bb][et_pb_divider color=\u00bbrgba(255,255,255,0.15)\u00bb divider_weight=\u00bb3px\u00bb _builder_version=\u00bb3.2&#8243;][\/et_pb_divider][\/et_pb_column_inner][\/et_pb_row_inner][et_pb_row_inner custom_padding=\u00bb0px|0px|29.6875px|0px\u00bb _builder_version=\u00bb3.12.2&#8243;][et_pb_column_inner type=\u00bb1_2&#8243; saved_specialty_column_type=\u00bb1_2&#8243; _builder_version=\u00bb3.0.47&#8243; parallax=\u00bboff\u00bb parallax_method=\u00bbon\u00bb][et_pb_text _builder_version=\u00bb3.12.2&#8243; text_font=\u00bb|700||on|||||\u00bb text_text_color=\u00bb#ffffff\u00bb background_layout=\u00bbdark\u00bb text_font_size=\u00bb18px\u00bb]<\/p>\n<p>TEL\u00c9FONO<\/p>\n<p>[\/et_pb_text][\/et_pb_column_inner][et_pb_column_inner type=\u00bb1_2&#8243; saved_specialty_column_type=\u00bb1_2&#8243; _builder_version=\u00bb3.0.47&#8243; parallax=\u00bboff\u00bb parallax_method=\u00bbon\u00bb][et_pb_text _builder_version=\u00bb3.12.2&#8243; text_font_size=\u00bb16px\u00bb background_layout=\u00bbdark\u00bb locked=\u00bboff\u00bb]<\/p>\n<p><span>(+57) 316 454 26 09<\/span><\/p>\n<p>[\/et_pb_text][\/et_pb_column_inner][\/et_pb_row_inner][et_pb_row_inner custom_padding=\u00bb0px|0px|29.6875px|0px\u00bb _builder_version=\u00bb3.0.82&#8243;][et_pb_column_inner type=\u00bb1_2&#8243; saved_specialty_column_type=\u00bb1_2&#8243; _builder_version=\u00bb3.0.47&#8243; parallax=\u00bboff\u00bb parallax_method=\u00bbon\u00bb][et_pb_text _builder_version=\u00bb3.12.2&#8243; text_font=\u00bb|700||on|||||\u00bb text_text_color=\u00bb#ffffff\u00bb background_layout=\u00bbdark\u00bb text_font_size=\u00bb18px\u00bb]<\/p>\n<p>GERENTE<\/p>\n<p>[\/et_pb_text][\/et_pb_column_inner][et_pb_column_inner type=\u00bb1_2&#8243; saved_specialty_column_type=\u00bb1_2&#8243; _builder_version=\u00bb3.0.47&#8243; parallax=\u00bboff\u00bb parallax_method=\u00bbon\u00bb][et_pb_text _builder_version=\u00bb3.12.2&#8243; text_font_size=\u00bb16px\u00bb background_layout=\u00bbdark\u00bb locked=\u00bboff\u00bb]<\/p>\n<p>amoreno@innova-tools.com<\/p>\n<p>[\/et_pb_text][\/et_pb_column_inner][\/et_pb_row_inner][et_pb_row_inner custom_padding=\u00bb0px|0px|29.6875px|0px\u00bb _builder_version=\u00bb3.0.82&#8243;][et_pb_column_inner type=\u00bb1_2&#8243; saved_specialty_column_type=\u00bb1_2&#8243; _builder_version=\u00bb3.0.47&#8243; parallax=\u00bboff\u00bb parallax_method=\u00bbon\u00bb][et_pb_text _builder_version=\u00bb3.12.2&#8243; text_font=\u00bb|700||on|||||\u00bb text_text_color=\u00bb#ffffff\u00bb background_layout=\u00bbdark\u00bb text_font_size=\u00bb18px\u00bb]<\/p>\n<p>SOPORTE<\/p>\n<p>[\/et_pb_text][\/et_pb_column_inner][et_pb_column_inner type=\u00bb1_2&#8243; saved_specialty_column_type=\u00bb1_2&#8243; _builder_version=\u00bb3.0.47&#8243; parallax=\u00bboff\u00bb parallax_method=\u00bbon\u00bb][et_pb_text _builder_version=\u00bb3.12.2&#8243; text_font_size=\u00bb16px\u00bb background_layout=\u00bbdark\u00bb locked=\u00bboff\u00bb]<\/p>\n<p>amoreno@innova-tools.com<\/p>\n<p>[\/et_pb_text][\/et_pb_column_inner][\/et_pb_row_inner][\/et_pb_column][et_pb_column type=\u00bb1_2&#8243; _builder_version=\u00bb3.0.47&#8243; padding_top=\u00bb60px\u00bb parallax=\u00bboff\u00bb parallax_method=\u00bbon\u00bb][et_pb_image src=\u00bbhttps:\/\/innova-tools.com\/IT\/wp-content\/uploads\/2018\/08\/coding-isometric-10.png\u00bb _builder_version=\u00bb3.0.82&#8243; max_width=\u00bb90%\u00bb module_alignment=\u00bbcenter\u00bb animation_style=\u00bbzoom\u00bb animation_direction=\u00bbleft\u00bb animation_delay=\u00bb100ms\u00bb animation_intensity_zoom=\u00bb20%\u00bb locked=\u00bboff\u00bb][\/et_pb_image][\/et_pb_column][\/et_pb_section]<\/p>\n","protected":false},"excerpt":{"rendered":"<p>\u00bfTienes alguna inquietud? Cont\u00e1ctanos para darte m\u00e1s informaci\u00f3n de nuestros servicios y productos INNOVATOOLS SAS tambi\u00e9n tiene sede propia, por eso ac\u00e9rcate a nuestras instalaciones para tener m\u00e1s informaci\u00f3n de nuestros servicios. Cont\u00e1ctanos para darte m\u00e1s informaci\u00f3n Estamos pendientes para brindar toda la informaci\u00f3n que necesites de nuestros servicios, solo comun\u00edcate con nosotros v\u00eda web [&hellip;]<\/p>\n","protected":false},"author":1,"featured_media":0,"parent":0,"menu_order":0,"comment_status":"closed","ping_status":"closed","template":"","meta":{"_et_pb_use_builder":"on","_et_pb_old_content":"","_et_gb_content_width":"","footnotes":""},"class_list":["post-457","page","type-page","status-publish","hentry"],"_links":{"self":[{"href":"https:\/\/innova-tools.com\/IT\/wp-json\/wp\/v2\/pages\/457","targetHints":{"allow":["GET"]}}],"collection":[{"href":"https:\/\/innova-tools.com\/IT\/wp-json\/wp\/v2\/pages"}],"about":[{"href":"https:\/\/innova-tools.com\/IT\/wp-json\/wp\/v2\/types\/page"}],"author":[{"embeddable":true,"href":"https:\/\/innova-tools.com\/IT\/wp-json\/wp\/v2\/users\/1"}],"replies":[{"embeddable":true,"href":"https:\/\/innova-tools.com\/IT\/wp-json\/wp\/v2\/comments?post=457"}],"version-history":[{"count":8,"href":"https:\/\/innova-tools.com\/IT\/wp-json\/wp\/v2\/pages\/457\/revisions"}],"predecessor-version":[{"id":719,"href":"https:\/\/innova-tools.com\/IT\/wp-json\/wp\/v2\/pages\/457\/revisions\/719"}],"wp:attachment":[{"href":"https:\/\/innova-tools.com\/IT\/wp-json\/wp\/v2\/media?parent=457"}],"curies":[{"name":"wp","href":"https:\/\/api.w.org\/{rel}","templated":true}]}}